{"id":79233,"date":"2019-05-06T23:50:52","date_gmt":"2019-05-06T21:50:52","guid":{"rendered":"http:\/\/www.levisiomatique.net\/php\/?page_id=79233"},"modified":"2021-02-04T11:49:50","modified_gmt":"2021-02-04T10:49:50","slug":"new-home","status":"publish","type":"page","link":"http:\/\/www.levisiomatique.net\/php\/","title":{"rendered":"HOME NEW"},"content":{"rendered":"<p>[vc_row row_height_percent=&#8221;0&#8243; override_padding=&#8221;yes&#8221; h_padding=&#8221;2&#8243; top_padding=&#8221;1&#8243; bottom_padding=&#8221;1&#8243; overlay_alpha=&#8221;50&#8243; gutter_size=&#8221;3&#8243; column_width_percent=&#8221;100&#8243; shift_y=&#8221;0&#8243; z_index=&#8221;0&#8243;][vc_column column_width_percent=&#8221;100&#8243; align_horizontal=&#8221;align_center&#8221; overlay_alpha=&#8221;50&#8243; gutter_size=&#8221;2&#8243; medium_width=&#8221;0&#8243; mobile_width=&#8221;0&#8243; shift_x=&#8221;0&#8243; shift_y=&#8221;0&#8243; shift_y_down=&#8221;0&#8243; shift_y_down_fixed=&#8221;yes&#8221; z_index=&#8221;0&#8243; width=&#8221;1\/1&#8243;][vc_row_inner row_inner_height_percent=&#8221;0&#8243; overlay_alpha=&#8221;50&#8243; gutter_size=&#8221;2&#8243; shift_y=&#8221;0&#8243; z_index=&#8221;0&#8243;][vc_column_inner column_width_use_pixel=&#8221;yes&#8221; align_horizontal=&#8221;align_center&#8221; gutter_size=&#8221;1&#8243; overlay_alpha=&#8221;50&#8243; medium_width=&#8221;0&#8243; mobile_width=&#8221;0&#8243; shift_x=&#8221;0&#8243; shift_y=&#8221;0&#8243; shift_y_down=&#8221;0&#8243; z_index=&#8221;0&#8243; width=&#8221;1\/1&#8243; column_width_pixel=&#8221;700&#8243;][vc_empty_space empty_h=&#8221;1&#8243;][vc_single_image media=&#8221;80822&#8243; media_width_use_pixel=&#8221;yes&#8221; alignment=&#8221;center&#8221; media_width_pixel=&#8221;57&#8243;][vc_custom_heading heading_semantic=&#8221;h3&#8243; text_size=&#8221;&#8221; text_space=&#8221;fontspace-781688&#8243; text_weight=&#8221;800&#8243; css_animation=&#8221;curtain&#8221;]UNE PETITE SELECTION CARACT\u00c9RISTIQUE[\/vc_custom_heading][\/vc_column_inner][\/vc_row_inner][uncode_index el_id=&#8221;index-35665&#8243; index_type=&#8221;carousel&#8221; loop=&#8221;size:All|order_by:ID|post_type:post|tags:273&#8243; carousel_lg=&#8221;3&#8243; carousel_md=&#8221;3&#8243; carousel_sm=&#8221;1&#8243; gutter_size=&#8221;2&#8243; inner_padding=&#8221;yes&#8221; post_items=&#8221;media|media|lightbox|poster,title,text|excerpt|200,icon|xl&#8221; carousel_interval=&#8221;10000&#8243; carousel_navspeed=&#8221;1000&#8243; carousel_overflow=&#8221;yes&#8221; carousel_dots=&#8221;yes&#8221; carousel_half_opacity=&#8221;yes&#8221; carousel_pointer_events=&#8221;yes&#8221; stage_padding=&#8221;0&#8243; single_overlay_opacity=&#8221;64&#8243; single_text_anim_type=&#8221;btt&#8221; single_image_anim=&#8221;no&#8221; single_h_align=&#8221;center&#8221; single_padding=&#8221;0&#8243; single_text_reduced=&#8221;yes&#8221; single_border=&#8221;yes&#8221; single_css_animation=&#8221;bottom-t-top&#8221; custom_order=&#8221;yes&#8221; lbox_title=&#8221;yes&#8221; order_ids=&#8221;81470,79376,80919,79388,79221,80850,79356,81616,81165,80596&#8243; items=&#8221;eyI4MTQ3MF9pIjp7InNpbmdsZV9pY29uIjoiZmEgZmEtcGxheS1jaXJjbGUifSwiODA1OTZfaSI6eyJzaW5nbGVfaWNvbiI6ImZhIGZhLXBsdXMtY2lyY2xlIn0sIjgxMTY1X2kiOnsic2luZ2xlX2ljb24iOiJmYSBmYS1wbGF5LWNpcmNsZSJ9LCI4MTYxNl9pIjp7InNpbmdsZV9pY29uIjoiZmEgZmEtcGxheS1jaXJjbGUifSwiNzkzNTZfaSI6eyJzaW5nbGVfaWNvbiI6ImZhIGZhLXBsdXMtY2lyY2xlIn0sIjgwODUwX2kiOnsic2luZ2xlX2ljb24iOiJmYSBmYS1wbGF5LWNpcmNsZSJ9LCI3OTIyMV9pIjp7InNpbmdsZV9pY29uIjoiZmEgZmEtcGxheS1jaXJjbGUifSwiNzkzODhfaSI6eyJzaW5nbGVfaWNvbiI6ImZhIGZhLXBsdXMtY2lyY2xlIn0sIjgwOTE5X2kiOnsic2luZ2xlX2ljb24iOiJmYSBmYS1wbGF5LWNpcmNsZSJ9LCI3OTM3Nl9pIjp7InNpbmdsZV9pY29uIjoiZmEgZmEtcGx1cy1jaXJjbGUifX0=&#8221;][vc_empty_space empty_h=&#8221;0&#8243;][vc_empty_space empty_h=&#8221;0&#8243;][\/vc_column][\/vc_row][vc_row][vc_column width=&#8221;1\/1&#8243;][uncode_block id=&#8221;79277&#8243;][\/vc_column][\/vc_row][vc_row row_height_percent=&#8221;25&#8243; override_padding=&#8221;yes&#8221; h_padding=&#8221;0&#8243; top_padding=&#8221;1&#8243; bottom_padding=&#8221;1&#8243; back_color=&#8221;color-wayh&#8221; overlay_alpha=&#8221;50&#8243; gutter_size=&#8221;0&#8243; column_width_percent=&#8221;100&#8243; shift_y=&#8221;0&#8243; z_index=&#8221;0&#8243; top_divider=&#8221;gradient&#8221; bottom_divider=&#8221;step&#8221; el_class=&#8221;demos&#8221;][vc_column column_width_percent=&#8221;100&#8243; align_horizontal=&#8221;align_center&#8221; override_padding=&#8221;yes&#8221; column_padding=&#8221;1&#8243; style=&#8221;dark&#8221; overlay_alpha=&#8221;50&#8243; gutter_size=&#8221;1&#8243; medium_width=&#8221;0&#8243; mobile_width=&#8221;0&#8243; shift_x=&#8221;0&#8243; shift_y=&#8221;0&#8243; shift_y_down=&#8221;0&#8243; z_index=&#8221;0&#8243; width=&#8221;1\/1&#8243;][vc_empty_space empty_h=&#8221;0&#8243;][vc_single_image media=&#8221;80819&#8243; media_width_use_pixel=&#8221;yes&#8221; alignment=&#8221;center&#8221; media_width_pixel=&#8221;57&#8243;][vc_custom_heading heading_semantic=&#8221;h3&#8243; text_size=&#8221;h3&#8243; text_height=&#8221;fontheight-524109&#8243; text_space=&#8221;fontspace-781688&#8243; text_weight=&#8221;800&#8243; sub_reduced=&#8221;yes&#8221; css_animation=&#8221;curtain&#8221; interval_animation=&#8221;200&#8243;]FOCUS : JEAN PROUV\u00c9, S\u00c9RIE ANTHOLOGIQUE[\/vc_custom_heading][uncode_index el_id=&#8221;index-23259&#8243; index_type=&#8221;carousel&#8221; loop=&#8221;size:All|order_by:ID|order:ASC|post_type:post|tags:288&#8243; carousel_lg=&#8221;3&#8243; carousel_md=&#8221;3&#8243; carousel_sm=&#8221;1&#8243; thumb_size=&#8221;sixteen-nine&#8221; gutter_size=&#8221;2&#8243; inner_padding=&#8221;yes&#8221; post_items=&#8221;media|media|lightbox|poster,title,text|excerpt|200,icon|xl&#8221; product_items=&#8221;title,price,media|featured|onpost|original&#8221; portfolio_items=&#8221;media|featured|onpost|original,title&#8221; carousel_interval=&#8221;10000&#8243; carousel_navspeed=&#8221;1000&#8243; carousel_overflow=&#8221;yes&#8221; carousel_dots=&#8221;yes&#8221; carousel_dots_space=&#8221;yes&#8221; carousel_dots_mobile=&#8221;yes&#8221; carousel_autoh=&#8221;yes&#8221; carousel_half_opacity=&#8221;yes&#8221; carousel_pointer_events=&#8221;yes&#8221; stage_padding=&#8221;0&#8243; single_style=&#8221;dark&#8221; single_overlay_color=&#8221;color-xsdn&#8221; single_overlay_opacity=&#8221;35&#8243; single_text_anim_type=&#8221;btt&#8221; single_image_color_anim=&#8221;yes&#8221; single_image_anim=&#8221;no&#8221; single_h_align=&#8221;center&#8221; single_padding=&#8221;0&#8243; single_text_reduced=&#8221;yes&#8221; single_title_height=&#8221;fontheight-179065&#8243; single_border=&#8221;yes&#8221; single_css_animation=&#8221;bottom-t-top&#8221; single_animation_delay=&#8221;400&#8243; single_animation_first=&#8221;yes&#8221; custom_order=&#8221;yes&#8221; lbox_title=&#8221;yes&#8221; order_ids=&#8221;80986,81010,80828,79218,80843,80919&#8243; single_icon=&#8221;fa fa-play-circle&#8221; items=&#8221;eyI3OTQxMl9pIjp7InNpbmdsZV9pY29uIjoiZmEgZmEtcGx1cy1jaXJjbGUifSwiNzk0NDhfaSI6eyJzaW5nbGVfaWNvbiI6ImZhIGZhLXBsdXMtY2lyY2xlIn0sIjc5Mzc2X2kiOnsic2luZ2xlX2ljb24iOiJmYSBmYS1wbGF5LWNpcmNsZSJ9LCI4MDk4Nl9pIjp7InNpbmdsZV9zdHlsZSI6ImRhcmsifX0=&#8221;][vc_empty_space empty_h=&#8221;0&#8243;][\/vc_column][\/vc_row][vc_row row_height_percent=&#8221;0&#8243; override_padding=&#8221;yes&#8221; h_padding=&#8221;2&#8243; top_padding=&#8221;2&#8243; bottom_padding=&#8221;3&#8243; overlay_alpha=&#8221;50&#8243; gutter_size=&#8221;3&#8243; column_width_percent=&#8221;100&#8243; shift_y=&#8221;0&#8243; z_index=&#8221;0&#8243;][vc_column column_width_percent=&#8221;100&#8243; align_horizontal=&#8221;align_center&#8221; overlay_alpha=&#8221;50&#8243; gutter_size=&#8221;1&#8243; medium_width=&#8221;0&#8243; mobile_width=&#8221;0&#8243; shift_x=&#8221;0&#8243; shift_y=&#8221;0&#8243; shift_y_down=&#8221;0&#8243; z_index=&#8221;0&#8243; width=&#8221;1\/1&#8243;][vc_row_inner row_inner_height_percent=&#8221;0&#8243; overlay_alpha=&#8221;50&#8243; gutter_size=&#8221;4&#8243; shift_y=&#8221;0&#8243; z_index=&#8221;0&#8243;][vc_column_inner column_width_percent=&#8221;100&#8243; align_horizontal=&#8221;align_center&#8221; gutter_size=&#8221;2&#8243; overlay_alpha=&#8221;50&#8243; medium_width=&#8221;3&#8243; mobile_width=&#8221;0&#8243; shift_x=&#8221;0&#8243; shift_y=&#8221;0&#8243; shift_y_down=&#8221;0&#8243; z_index=&#8221;0&#8243; css_animation=&#8221;alpha-anim&#8221; animation_delay=&#8221;200&#8243; width=&#8221;1\/3&#8243; link_to=&#8221;url:http%3A%2F%2Fwww.levisiomatique.net%2Fphp%2Farchitecture-films%2F|title:ARCHITECTURE%20%E2%80%A2%20FILMS||&#8221;][vc_icon icon_image=&#8221;80817&#8243; icon_color=&#8221;color-jevc&#8221; text_size=&#8221;fontsize-160000&#8243; text_weight=&#8221;800&#8243; text_space=&#8221;fontspace-210350&#8243; text_lead=&#8221;yes&#8221; css_animation=&#8221;bottom-t-top&#8221;][\/vc_icon][vc_custom_heading text_size=&#8221;fontsize-160000&#8243; text_space=&#8221;fontspace-210350&#8243; text_weight=&#8221;800&#8243; sub_reduced=&#8221;yes&#8221; css_animation=&#8221;bottom-t-top&#8221;]FILMS POUR<br \/>\nL\u2019ARCHITECTURE<br \/>\n&amp; L\u2019URBANISME[\/vc_custom_heading][vc_custom_heading text_size=&#8221;h6&#8243; text_weight=&#8221;400&#8243; sub_reduced=&#8221;yes&#8221; css_animation=&#8221;bottom-t-top&#8221;]Une s\u00e9lection d\u2019animations \u00e0 la crois\u00e9e des diff\u00e9rents savoir-faire du Visiomatique, des concours de toute \u00e9chelle \u00e0 la valorisation du patrimoine.[\/vc_custom_heading][\/vc_column_inner][vc_column_inner column_width_percent=&#8221;100&#8243; align_horizontal=&#8221;align_center&#8221; gutter_size=&#8221;2&#8243; overlay_alpha=&#8221;50&#8243; medium_width=&#8221;3&#8243; mobile_width=&#8221;0&#8243; shift_x=&#8221;0&#8243; shift_y=&#8221;0&#8243; shift_y_down=&#8221;0&#8243; z_index=&#8221;0&#8243; css_animation=&#8221;alpha-anim&#8221; animation_delay=&#8221;400&#8243; width=&#8221;1\/3&#8243;][vc_icon icon_image=&#8221;80800&#8243; icon_color=&#8221;color-nhtu&#8221; size=&#8221;fa-3x&#8221; text_size=&#8221;fontsize-160000&#8243; text_weight=&#8221;800&#8243; text_space=&#8221;fontspace-210350&#8243; text_lead=&#8221;yes&#8221; css_animation=&#8221;bottom-t-top&#8221; animation_delay=&#8221;100&#8243;][\/vc_icon][vc_custom_heading text_size=&#8221;fontsize-160000&#8243; text_space=&#8221;fontspace-210350&#8243; text_weight=&#8221;800&#8243; sub_reduced=&#8221;yes&#8221; css_animation=&#8221;bottom-t-top&#8221;]IMAGES POUR<br \/>\nL\u2019ARCHITECTURE<br \/>\n&amp; L\u2019URBANISME[\/vc_custom_heading][vc_custom_heading text_size=&#8221;h6&#8243; text_weight=&#8221;400&#8243; sub_reduced=&#8221;yes&#8221; css_animation=&#8221;bottom-t-top&#8221;]Une s\u00e9rie d\u2019illustrations et de perspectives pour les rendus d\u2019architecture et d\u2019urbanisme.[\/vc_custom_heading][\/vc_column_inner][vc_column_inner column_width_percent=&#8221;100&#8243; align_horizontal=&#8221;align_center&#8221; gutter_size=&#8221;2&#8243; overlay_alpha=&#8221;50&#8243; medium_width=&#8221;3&#8243; mobile_width=&#8221;0&#8243; shift_x=&#8221;0&#8243; shift_y=&#8221;0&#8243; shift_y_down=&#8221;0&#8243; z_index=&#8221;0&#8243; css_animation=&#8221;alpha-anim&#8221; animation_delay=&#8221;600&#8243; width=&#8221;1\/3&#8243;][vc_icon icon_image=&#8221;80818&#8243; icon_color=&#8221;color-nhtu&#8221; size=&#8221;fa-3x&#8221; text_size=&#8221;fontsize-160000&#8243; text_weight=&#8221;800&#8243; text_space=&#8221;fontspace-210350&#8243; text_lead=&#8221;yes&#8221; css_animation=&#8221;bottom-t-top&#8221;][\/vc_icon][vc_custom_heading text_size=&#8221;fontsize-160000&#8243; text_space=&#8221;fontspace-210350&#8243; text_weight=&#8221;800&#8243; sub_reduced=&#8221;yes&#8221; css_animation=&#8221;bottom-t-top&#8221;]GRAPHISME<br \/>\n&amp;<br \/>\nMOTION DESIGN[\/vc_custom_heading][vc_custom_heading text_size=&#8221;h6&#8243; text_weight=&#8221;400&#8243; sub_reduced=&#8221;yes&#8221; css_animation=&#8221;bottom-t-top&#8221;]Un \u00e9ventail de clips et de graphismes destin\u00e9s \u00e0 diff\u00e9rents projets du cultuel \u00e0 l\u2019\u00e9v\u00e9n\u00e8mentiel.[\/vc_custom_heading][\/vc_column_inner][\/vc_row_inner][\/vc_column][\/vc_row][vc_row][vc_column width=&#8221;1\/1&#8243;][uncode_block id=&#8221;79017&#8243;][\/vc_column][\/vc_row][vc_row][vc_column width=&#8221;1\/1&#8243;][vc_empty_space empty_h=&#8221;0&#8243;][\/vc_column][\/vc_row]<\/p>\n","protected":false},"excerpt":{"rendered":"<p>[vc_row row_height_percent=&#8221;0&#8243; override_padding=&#8221;yes&#8221; h_padding=&#8221;2&#8243; top_padding=&#8221;1&#8243; bottom_padding=&#8221;1&#8243; overlay_alpha=&#8221;50&#8243; gutter_size=&#8221;3&#8243; column_width_percent=&#8221;100&#8243; shift_y=&#8221;0&#8243; z_index=&#8221;0&#8243;][vc_column column_width_percent=&#8221;100&#8243; align_horizontal=&#8221;align_center&#8221; overlay_alpha=&#8221;50&#8243; gutter_size=&#8221;2&#8243; medium_width=&#8221;0&#8243; mobile_width=&#8221;0&#8243; shift_x=&#8221;0&#8243; shift_y=&#8221;0&#8243; shift_y_down=&#8221;0&#8243; [&hellip;]<\/p>\n","protected":false},"author":1,"featured_media":0,"parent":0,"menu_order":193,"comment_status":"open","ping_status":"closed","template":"","meta":{"footnotes":""},"class_list":["post-79233","page","type-page","status-publish","hentry","page_category-def"],"_links":{"self":[{"href":"http:\/\/www.levisiomatique.net\/php\/wp-json\/wp\/v2\/pages\/79233","targetHints":{"allow":["GET"]}}],"collection":[{"href":"http:\/\/www.levisiomatique.net\/php\/wp-json\/wp\/v2\/pages"}],"about":[{"href":"http:\/\/www.levisiomatique.net\/php\/wp-json\/wp\/v2\/types\/page"}],"author":[{"embeddable":true,"href":"http:\/\/www.levisiomatique.net\/php\/wp-json\/wp\/v2\/users\/1"}],"replies":[{"embeddable":true,"href":"http:\/\/www.levisiomatique.net\/php\/wp-json\/wp\/v2\/comments?post=79233"}],"version-history":[{"count":296,"href":"http:\/\/www.levisiomatique.net\/php\/wp-json\/wp\/v2\/pages\/79233\/revisions"}],"predecessor-version":[{"id":81757,"href":"http:\/\/www.levisiomatique.net\/php\/wp-json\/wp\/v2\/pages\/79233\/revisions\/81757"}],"wp:attachment":[{"href":"http:\/\/www.levisiomatique.net\/php\/wp-json\/wp\/v2\/media?parent=79233"}],"curies":[{"name":"wp","href":"https:\/\/api.w.org\/{rel}","templated":true}]}}